{"id":1884,"date":"2025-05-29T16:18:51","date_gmt":"2025-05-29T16:18:51","guid":{"rendered":"https:\/\/isabellealepins.com\/?page_id=1884"},"modified":"2025-05-29T16:18:51","modified_gmt":"2025-05-29T16:18:51","slug":"politique-de-confidentialite","status":"publish","type":"page","link":"https:\/\/isabellealepins.com\/en\/politique-de-confidentialite\/","title":{"rendered":"Privacy Policy"},"content":{"rendered":"<div data-elementor-type=\"wp-page\" data-elementor-id=\"1884\" class=\"elementor elementor-1884\" data-elementor-post-type=\"page\">\n\t\t\t\t\t\t<section class=\"elementor-section elementor-top-section elementor-element elementor-element-6988973 elementor-section-boxed elementor-section-height-default elementor-section-height-default\" data-id=\"6988973\" data-element_type=\"section\" data-e-type=\"section\">\n\t\t\t\t\t\t<div class=\"elementor-container elementor-column-gap-default\">\n\t\t\t\t\t<div class=\"elementor-column elementor-col-100 elementor-top-column elementor-element elementor-element-51e9af0\" data-id=\"51e9af0\" data-element_type=\"column\" data-e-type=\"column\">\n\t\t\t<div class=\"elementor-widget-wrap elementor-element-populated\">\n\t\t\t\t\t\t<div class=\"elementor-element elementor-element-dff3d1c elementor-widget elementor-widget-heading\" data-id=\"dff3d1c\" data-element_type=\"widget\" data-e-type=\"widget\" data-widget_type=\"heading.default\">\n\t\t\t\t<div class=\"elementor-widget-container\">\n\t\t\t\t\t<h1 class=\"elementor-heading-title elementor-size-default\">Privacy Policy<\/h1>\t\t\t\t<\/div>\n\t\t\t\t<\/div>\n\t\t\t\t<div class=\"elementor-element elementor-element-a7a7665 link-light-bg elementor-widget elementor-widget-text-editor\" data-id=\"a7a7665\" data-element_type=\"widget\" data-e-type=\"widget\" data-widget_type=\"text-editor.default\">\n\t\t\t\t<div class=\"elementor-widget-container\">\n\t\t\t\t\t\t\t\t\t<h2>Introduction<\/h2><p>With the rise of new communication tools, the protection of personal data has become essential. That\u2019s why we are committed to respecting the confidentiality of the personal information we collect.<\/p><h2>Collection of Personal Information<\/h2><ul><li>First and last name<\/li><li>Mailing address<\/li><li>Postal code<\/li><li>Email address<\/li><li>Phone number \/ Fax<\/li><\/ul><p>Your personal information is collected through forms and through the interaction established between you and our website. We also use cookies and log files to gather information about you, as described in the next section.<\/p><h2>Forms and Interactivity<\/h2><p>Your personal data is collected through the following forms:<\/p><ul><li>Website registration form<\/li><li>Order form<\/li><\/ul><p>We use the information collected for the following purposes:<\/p><ul><li>Order tracking<\/li><li>Information \/ Promotional offers<\/li><li>Statistics<\/li><li>Customer contact<\/li><\/ul><p>Your information may also be collected through interactions between you and the website, such as:<\/p><ul><li>Comments<\/li><li>Correspondence<\/li><\/ul><p>We use the information collected for the following purposes:<br \/>This data is also used for:<\/p><ul><li>Statistics<\/li><li>Customer contact<\/li><\/ul><h2>Right to Object and Withdraw<\/h2><p>We are committed to offering you the right to object and withdraw your personal information.<br \/>The right to object means users can refuse to have their personal information used for certain purposes mentioned at the time of collection.<\/p><p>The right to withdraw means users can request that their information no longer appear, for example, on a mailing list.<\/p><h3>To exercise these rights, you may contact us by:<\/h3><p>Postal Code: H1Z 2H8<br \/>Email: <a href=\"mailto:info@isabellealepins.com\">info@isabellealepins.com<\/a><br \/>Phone: 514 434-3004<br \/>Website section: <a href=\"https:\/\/isabellealepins.com\/en\/contactez-moi\/\">isabellealepins.com\/contactez-moi<\/a><\/p><h2>Right of Access<\/h2><p>We are committed to recognizing the right of access and rectification for individuals who wish to view, update, or delete their personal information.<\/p><h3>You may exercise this right by contacting us:<\/h3><p>Postal Code: H1Z 2H8<br \/>Email: <a href=\"mailto:info@isabellealepins.com\">info@isabellealepins.com<\/a><br \/>Phone: 514 434-3004<br \/>Website section: <a href=\"https:\/\/isabellealepins.com\/en\/contactez-moi\/\">isabellealepins.com\/contactez-moi<\/a><\/p><h2>Security<\/h2><p>The personal data we collect is stored in a secure environment. Everyone working with us is required to respect the confidentiality of your information.<\/p><p>We use the following security measures:<\/p><ul><li>SSL Protocol<\/li><li>SET Protocol<\/li><li>Access management \u2013 authorized personnel<\/li><li>Access management \u2013 concerned user<\/li><li>Network monitoring software<\/li><li>Data backups<\/li><li>Username \/ password<\/li><li>Firewall<\/li><\/ul><p>We are committed to maintaining a high level of privacy protection by integrating the latest technological innovations to ensure the confidentiality of your transactions. However, no online system is 100% secure, and some risk is always present when transmitting personal information via the internet.<\/p><h2>Applicable Legislation<\/h2><p>We are committed to complying with the legal provisions stated in:<br \/>Law 25, Qu\u00e9bec, Canada<\/p>\t\t\t\t\t\t\t\t<\/div>\n\t\t\t\t<\/div>\n\t\t\t\t\t<\/div>\n\t\t<\/div>\n\t\t\t\t\t<\/div>\n\t\t<\/section>\n\t\t\t\t<\/div>","protected":false},"excerpt":{"rendered":"<p>Politique de confidentialit\u00e9 Introduction Devant le d\u00e9veloppement des nouveaux outils de communication, il est n\u00e9cessaire de porter une attention particuli\u00e8re \u00e0 la protection de la vie priv\u00e9e. C\u2019est pourquoi, nous nous engageons \u00e0 respecter la confidentialit\u00e9 des renseignements personnels que nous collectons. Collecte des renseignements personnels Pr\u00e9nom Adresse postale Code postal Adresse \u00e9lectronique Num\u00e9ro de [&hellip;]<\/p>\n","protected":false},"author":1,"featured_media":0,"parent":0,"menu_order":0,"comment_status":"closed","ping_status":"closed","template":"","meta":{"footnotes":""},"class_list":["post-1884","page","type-page","status-publish","hentry"],"_links":{"self":[{"href":"https:\/\/isabellealepins.com\/en\/wp-json\/wp\/v2\/pages\/1884","targetHints":{"allow":["GET"]}}],"collection":[{"href":"https:\/\/isabellealepins.com\/en\/wp-json\/wp\/v2\/pages"}],"about":[{"href":"https:\/\/isabellealepins.com\/en\/wp-json\/wp\/v2\/types\/page"}],"author":[{"embeddable":true,"href":"https:\/\/isabellealepins.com\/en\/wp-json\/wp\/v2\/users\/1"}],"replies":[{"embeddable":true,"href":"https:\/\/isabellealepins.com\/en\/wp-json\/wp\/v2\/comments?post=1884"}],"version-history":[{"count":1,"href":"https:\/\/isabellealepins.com\/en\/wp-json\/wp\/v2\/pages\/1884\/revisions"}],"predecessor-version":[{"id":1890,"href":"https:\/\/isabellealepins.com\/en\/wp-json\/wp\/v2\/pages\/1884\/revisions\/1890"}],"wp:attachment":[{"href":"https:\/\/isabellealepins.com\/en\/wp-json\/wp\/v2\/media?parent=1884"}],"curies":[{"name":"wp","href":"https:\/\/api.w.org\/{rel}","templated":true}]}}