{"id":736,"date":"2025-01-31T01:01:34","date_gmt":"2025-01-31T01:01:34","guid":{"rendered":"https:\/\/clients.chloehardy.ca\/ia\/?page_id=736"},"modified":"2025-06-15T15:35:03","modified_gmt":"2025-06-15T15:35:03","slug":"contactez-moi","status":"publish","type":"page","link":"https:\/\/isabellealepins.com\/en\/contactez-moi\/","title":{"rendered":"Contact Me"},"content":{"rendered":"\t\t<div data-elementor-type=\"wp-page\" data-elementor-id=\"736\" class=\"elementor elementor-736\" data-elementor-post-type=\"page\">\n\t\t\t\t\t\t<section class=\"elementor-section elementor-top-section elementor-element elementor-element-f31a545 elementor-section-boxed elementor-section-height-default elementor-section-height-default\" data-id=\"f31a545\" data-element_type=\"section\" data-e-type=\"section\" data-settings=\"{&quot;background_background&quot;:&quot;classic&quot;}\">\n\t\t\t\t\t\t<div class=\"elementor-container elementor-column-gap-default\">\n\t\t\t\t\t<div class=\"elementor-column elementor-col-33 elementor-top-column elementor-element elementor-element-02ca6b0\" data-id=\"02ca6b0\" data-element_type=\"column\" data-e-type=\"column\">\n\t\t\t<div class=\"elementor-widget-wrap elementor-element-populated\">\n\t\t\t\t\t\t<div class=\"elementor-element elementor-element-46f688b elementor-widget elementor-widget-image\" data-id=\"46f688b\" data-element_type=\"widget\" data-e-type=\"widget\" data-widget_type=\"image.default\">\n\t\t\t\t<div class=\"elementor-widget-container\">\n\t\t\t\t\t\t\t\t\t\t\t\t\t\t\t<img fetchpriority=\"high\" decoding=\"async\" width=\"1707\" height=\"2560\" src=\"https:\/\/isabellealepins.com\/wp-content\/uploads\/2025\/02\/DSF3890-2-scaled.jpg\" class=\"attachment-full size-full wp-image-876\" alt=\"\" srcset=\"https:\/\/isabellealepins.com\/wp-content\/uploads\/2025\/02\/DSF3890-2-scaled.jpg 1707w, https:\/\/isabellealepins.com\/wp-content\/uploads\/2025\/02\/DSF3890-2-scaled-300x450.jpg 300w, https:\/\/isabellealepins.com\/wp-content\/uploads\/2025\/02\/DSF3890-2-scaled-1200x1800.jpg 1200w, https:\/\/isabellealepins.com\/wp-content\/uploads\/2025\/02\/DSF3890-2-scaled-64x96.jpg 64w\" sizes=\"(max-width: 1707px) 100vw, 1707px\" \/>\t\t\t\t\t\t\t\t\t\t\t\t\t\t\t<\/div>\n\t\t\t\t<\/div>\n\t\t\t\t\t<\/div>\n\t\t<\/div>\n\t\t\t\t<div class=\"elementor-column elementor-col-33 elementor-top-column elementor-element elementor-element-fb8e8ac\" data-id=\"fb8e8ac\" data-element_type=\"column\" data-e-type=\"column\">\n\t\t\t<div class=\"elementor-widget-wrap\">\n\t\t\t\t\t\t\t<\/div>\n\t\t<\/div>\n\t\t\t\t<div class=\"elementor-column elementor-col-33 elementor-top-column elementor-element elementor-element-b788b26\" data-id=\"b788b26\" data-element_type=\"column\" data-e-type=\"column\">\n\t\t\t<div class=\"elementor-widget-wrap elementor-element-populated\">\n\t\t\t\t\t\t<div class=\"elementor-element elementor-element-7ce8ffb elementor-widget elementor-widget-heading\" data-id=\"7ce8ffb\" data-element_type=\"widget\" data-e-type=\"widget\" data-widget_type=\"heading.default\">\n\t\t\t\t<div class=\"elementor-widget-container\">\n\t\t\t\t\t<h1 class=\"elementor-heading-title elementor-size-default\">Contactez-moi<\/h1>\t\t\t\t<\/div>\n\t\t\t\t<\/div>\n\t\t\t\t<div class=\"elementor-element elementor-element-df6c7dd elementor-button-align-stretch elementor-widget elementor-widget-form\" data-id=\"df6c7dd\" data-element_type=\"widget\" data-e-type=\"widget\" data-settings=\"{&quot;step_next_label&quot;:&quot;Next&quot;,&quot;step_previous_label&quot;:&quot;Previous&quot;,&quot;button_width&quot;:&quot;100&quot;,&quot;step_type&quot;:&quot;number_text&quot;,&quot;step_icon_shape&quot;:&quot;circle&quot;}\" data-widget_type=\"form.default\">\n\t\t\t\t<div class=\"elementor-widget-container\">\n\t\t\t\t\t\t\t<form class=\"elementor-form\" method=\"post\" name=\"Contactez-moi\" aria-label=\"Contactez-moi\">\n\t\t\t<input type=\"hidden\" name=\"post_id\" value=\"736\"\/>\n\t\t\t<input type=\"hidden\" name=\"form_id\" value=\"df6c7dd\"\/>\n\t\t\t<input type=\"hidden\" name=\"referer_title\" value=\"\" \/>\n\n\t\t\t\n\t\t\t<div class=\"elementor-form-fields-wrapper elementor-labels-above\">\n\t\t\t\t\t\t\t\t<div class=\"elementor-field-type-text elementor-field-group elementor-column elementor-field-group-name elementor-col-100\">\n\t\t\t\t\t\t\t\t\t\t\t\t<label for=\"form-field-name\" class=\"elementor-field-label\">\n\t\t\t\t\t\t\t\tPr\u00e9nom et nom\t\t\t\t\t\t\t<\/label>\n\t\t\t\t\t\t\t\t\t\t\t\t\t\t<input size=\"1\" type=\"text\" name=\"form_fields[name]\" id=\"form-field-name\" class=\"elementor-field elementor-size-sm  elementor-field-textual\">\n\t\t\t\t\t\t\t\t\t\t\t<\/div>\n\t\t\t\t\t\t\t\t<div class=\"elementor-field-type-email elementor-field-group elementor-column elementor-field-group-email elementor-col-100 elementor-field-required\">\n\t\t\t\t\t\t\t\t\t\t\t\t<label for=\"form-field-email\" class=\"elementor-field-label\">\n\t\t\t\t\t\t\t\tCourriel\t\t\t\t\t\t\t<\/label>\n\t\t\t\t\t\t\t\t\t\t\t\t\t\t<input size=\"1\" type=\"email\" name=\"form_fields[email]\" id=\"form-field-email\" class=\"elementor-field elementor-size-sm  elementor-field-textual\" required=\"required\">\n\t\t\t\t\t\t\t\t\t\t\t<\/div>\n\t\t\t\t\t\t\t\t<div class=\"elementor-field-type-tel elementor-field-group elementor-column elementor-field-group-field_8953252 elementor-col-100 elementor-field-required\">\n\t\t\t\t\t\t\t\t\t\t\t\t<label for=\"form-field-field_8953252\" class=\"elementor-field-label\">\n\t\t\t\t\t\t\t\tT\u00e9l\u00e9phone\t\t\t\t\t\t\t<\/label>\n\t\t\t\t\t\t\t\t<input size=\"1\" type=\"tel\" name=\"form_fields[field_8953252]\" id=\"form-field-field_8953252\" class=\"elementor-field elementor-size-sm  elementor-field-textual\" required=\"required\" pattern=\"[0-9()#&amp;+*-=.]+\" title=\"Only numbers and phone characters (#, -, *, etc) are accepted.\">\n\n\t\t\t\t\t\t<\/div>\n\t\t\t\t\t\t\t\t<div class=\"elementor-field-type-textarea elementor-field-group elementor-column elementor-field-group-message elementor-col-100\">\n\t\t\t\t\t\t\t\t\t\t\t\t<label for=\"form-field-message\" class=\"elementor-field-label\">\n\t\t\t\t\t\t\t\tMessage\t\t\t\t\t\t\t<\/label>\n\t\t\t\t\t\t<textarea class=\"elementor-field-textual elementor-field  elementor-size-sm\" name=\"form_fields[message]\" id=\"form-field-message\" rows=\"4\"><\/textarea>\t\t\t\t<\/div>\n\t\t\t\t\t\t\t\t<div class=\"elementor-field-type-recaptcha_v3 elementor-field-group elementor-column elementor-field-group-field_2c189ad elementor-col-100 recaptcha_v3-bottomright\">\n\t\t\t\t\t<div class=\"elementor-field\" id=\"form-field-field_2c189ad\"><div class=\"elementor-g-recaptcha\" data-sitekey=\"6LeCW1IrAAAAAPJaHfZXrlhzSCqc4Rv_ESsfX-0J\" data-type=\"v3\" data-action=\"Form\" data-badge=\"bottomright\" data-size=\"invisible\"><\/div><\/div>\t\t\t\t<\/div>\n\t\t\t\t\t\t\t\t<div class=\"elementor-field-group elementor-column elementor-field-type-submit elementor-col-100 e-form__buttons\">\n\t\t\t\t\t<button class=\"elementor-button elementor-size-sm\" type=\"submit\">\n\t\t\t\t\t\t<span class=\"elementor-button-content-wrapper\">\n\t\t\t\t\t\t\t\t\t\t\t\t\t\t\t\t\t\t\t\t\t\t<span class=\"elementor-button-text\">Envoyer<\/span>\n\t\t\t\t\t\t\t\t\t\t\t\t\t<\/span>\n\t\t\t\t\t<\/button>\n\t\t\t\t<\/div>\n\t\t\t<\/div>\n\t\t<\/form>\n\t\t\t\t\t\t<\/div>\n\t\t\t\t<\/div>\n\t\t\t\t\t<\/div>\n\t\t<\/div>\n\t\t\t\t\t<\/div>\n\t\t<\/section>\n\t\t\t\t<section class=\"elementor-section elementor-top-section elementor-element elementor-element-578471f elementor-section-boxed elementor-section-height-default elementor-section-height-default\" data-id=\"578471f\" data-element_type=\"section\" data-e-type=\"section\">\n\t\t\t\t\t\t<div class=\"elementor-container elementor-column-gap-default\">\n\t\t\t\t\t<div class=\"elementor-column elementor-col-100 elementor-top-column elementor-element elementor-element-5eceb39\" data-id=\"5eceb39\" data-element_type=\"column\" data-e-type=\"column\">\n\t\t\t<div class=\"elementor-widget-wrap elementor-element-populated\">\n\t\t\t\t\t\t<div class=\"elementor-element elementor-element-fc77ec5 elementor-widget elementor-widget-heading\" data-id=\"fc77ec5\" data-element_type=\"widget\" data-e-type=\"widget\" data-widget_type=\"heading.default\">\n\t\t\t\t<div class=\"elementor-widget-container\">\n\t\t\t\t\t<h2 class=\"elementor-heading-title elementor-size-default\">Merci \u00e0<\/h2>\t\t\t\t<\/div>\n\t\t\t\t<\/div>\n\t\t\t\t<div class=\"elementor-element elementor-element-3468ebe elementor-widget-divider--view-line elementor-widget elementor-widget-divider\" data-id=\"3468ebe\" data-element_type=\"widget\" data-e-type=\"widget\" data-widget_type=\"divider.default\">\n\t\t\t\t<div class=\"elementor-widget-container\">\n\t\t\t\t\t\t\t<div class=\"elementor-divider\">\n\t\t\t<span class=\"elementor-divider-separator\">\n\t\t\t\t\t\t<\/span>\n\t\t<\/div>\n\t\t\t\t\t\t<\/div>\n\t\t\t\t<\/div>\n\t\t\t\t\t<\/div>\n\t\t<\/div>\n\t\t\t\t\t<\/div>\n\t\t<\/section>\n\t\t\t\t<section class=\"elementor-section elementor-top-section elementor-element elementor-element-0ac5556 elementor-section-boxed elementor-section-height-default elementor-section-height-default\" data-id=\"0ac5556\" data-element_type=\"section\" data-e-type=\"section\">\n\t\t\t\t\t\t<div class=\"elementor-container elementor-column-gap-default\">\n\t\t\t\t\t<div class=\"elementor-column elementor-col-100 elementor-top-column elementor-element elementor-element-b8e6774\" data-id=\"b8e6774\" data-element_type=\"column\" data-e-type=\"column\">\n\t\t\t<div class=\"elementor-widget-wrap elementor-element-populated\">\n\t\t\t\t\t\t<div class=\"elementor-element elementor-element-3891d78 elementor-widget elementor-widget-image\" data-id=\"3891d78\" data-element_type=\"widget\" data-e-type=\"widget\" data-widget_type=\"image.default\">\n\t\t\t\t<div class=\"elementor-widget-container\">\n\t\t\t\t\t\t\t\t\t\t\t\t\t\t\t<img decoding=\"async\" width=\"1269\" height=\"562\" src=\"https:\/\/isabellealepins.com\/wp-content\/uploads\/2025\/04\/SODEC-logo.jpg\" class=\"attachment-full size-full wp-image-1406\" alt=\"Logo SODEC Qu\u00e9bec\" srcset=\"https:\/\/isabellealepins.com\/wp-content\/uploads\/2025\/04\/SODEC-logo.jpg 1269w, https:\/\/isabellealepins.com\/wp-content\/uploads\/2025\/04\/SODEC-logo-300x133.jpg 300w, https:\/\/isabellealepins.com\/wp-content\/uploads\/2025\/04\/SODEC-logo-1024x453.jpg 1024w, https:\/\/isabellealepins.com\/wp-content\/uploads\/2025\/04\/SODEC-logo-768x340.jpg 768w, https:\/\/isabellealepins.com\/wp-content\/uploads\/2025\/04\/SODEC-logo-1200x531.jpg 1200w, https:\/\/isabellealepins.com\/wp-content\/uploads\/2025\/04\/SODEC-logo-64x28.jpg 64w\" sizes=\"(max-width: 1269px) 100vw, 1269px\" \/>\t\t\t\t\t\t\t\t\t\t\t\t\t\t\t<\/div>\n\t\t\t\t<\/div>\n\t\t\t\t<div class=\"elementor-element elementor-element-f9789b0 elementor-widget elementor-widget-image\" data-id=\"f9789b0\" data-element_type=\"widget\" data-e-type=\"widget\" data-widget_type=\"image.default\">\n\t\t\t\t<div class=\"elementor-widget-container\">\n\t\t\t\t\t\t\t\t\t\t\t\t\t\t\t<img decoding=\"async\" width=\"8759\" height=\"9888\" src=\"https:\/\/isabellealepins.com\/wp-content\/uploads\/2025\/04\/FabriqueQc_Complet_RGB.png\" class=\"attachment-full size-full wp-image-1425\" alt=\"Logo Fabriqu\u00e9 au Qu\u00e9bec\" srcset=\"https:\/\/isabellealepins.com\/wp-content\/uploads\/2025\/04\/FabriqueQc_Complet_RGB.png 8759w, https:\/\/isabellealepins.com\/wp-content\/uploads\/2025\/04\/FabriqueQc_Complet_RGB-266x300.png 266w, https:\/\/isabellealepins.com\/wp-content\/uploads\/2025\/04\/FabriqueQc_Complet_RGB-907x1024.png 907w, https:\/\/isabellealepins.com\/wp-content\/uploads\/2025\/04\/FabriqueQc_Complet_RGB-768x867.png 768w, https:\/\/isabellealepins.com\/wp-content\/uploads\/2025\/04\/FabriqueQc_Complet_RGB-1361x1536.png 1361w, https:\/\/isabellealepins.com\/wp-content\/uploads\/2025\/04\/FabriqueQc_Complet_RGB-1814x2048.png 1814w, https:\/\/isabellealepins.com\/wp-content\/uploads\/2025\/04\/FabriqueQc_Complet_RGB-300x339.png 300w, https:\/\/isabellealepins.com\/wp-content\/uploads\/2025\/04\/FabriqueQc_Complet_RGB-1200x1355.png 1200w, https:\/\/isabellealepins.com\/wp-content\/uploads\/2025\/04\/FabriqueQc_Complet_RGB-64x72.png 64w\" sizes=\"(max-width: 8759px) 100vw, 8759px\" \/>\t\t\t\t\t\t\t\t\t\t\t\t\t\t\t<\/div>\n\t\t\t\t<\/div>\n\t\t\t\t\t<\/div>\n\t\t<\/div>\n\t\t\t\t\t<\/div>\n\t\t<\/section>\n\t\t\t\t<section class=\"elementor-section elementor-top-section elementor-element elementor-element-0a89707 elementor-section-boxed elementor-section-height-default elementor-section-height-default\" data-id=\"0a89707\" data-element_type=\"section\" data-e-type=\"section\">\n\t\t\t\t\t\t<div class=\"elementor-container elementor-column-gap-default\">\n\t\t\t\t\t<div class=\"elementor-column elementor-col-100 elementor-top-column elementor-element elementor-element-9f715a1\" data-id=\"9f715a1\" data-element_type=\"column\" data-e-type=\"column\">\n\t\t\t<div class=\"elementor-widget-wrap elementor-element-populated\">\n\t\t\t\t\t\t<div class=\"elementor-element elementor-element-19a6b05 elementor-widget elementor-widget-text-editor\" data-id=\"19a6b05\" data-element_type=\"widget\" data-e-type=\"widget\" data-widget_type=\"text-editor.default\">\n\t\t\t\t<div class=\"elementor-widget-container\">\n\t\t\t\t\t\t\t\t\t<p style=\"text-align: center;\">Nous avons obtenu sur nos produits la marque de certification Fabriqu\u00e9 au Qu\u00e9bec octroy\u00e9e par Les Produits du Qu\u00e9bec.<\/p>\t\t\t\t\t\t\t\t<\/div>\n\t\t\t\t<\/div>\n\t\t\t\t\t<\/div>\n\t\t<\/div>\n\t\t\t\t\t<\/div>\n\t\t<\/section>\n\t\t\t\t<\/div>\n\t\t","protected":false},"excerpt":{"rendered":"<p>Contactez-moi Merci \u00e0 Nous avons obtenu sur nos produits la marque de certification Fabriqu\u00e9 au Qu\u00e9bec octroy\u00e9e par Les Produits du Qu\u00e9bec.<\/p>","protected":false},"author":1,"featured_media":0,"parent":0,"menu_order":0,"comment_status":"closed","ping_status":"closed","template":"","meta":{"footnotes":""},"class_list":["post-736","page","type-page","status-publish","hentry"],"_links":{"self":[{"href":"https:\/\/isabellealepins.com\/en\/wp-json\/wp\/v2\/pages\/736","targetHints":{"allow":["GET"]}}],"collection":[{"href":"https:\/\/isabellealepins.com\/en\/wp-json\/wp\/v2\/pages"}],"about":[{"href":"https:\/\/isabellealepins.com\/en\/wp-json\/wp\/v2\/types\/page"}],"author":[{"embeddable":true,"href":"https:\/\/isabellealepins.com\/en\/wp-json\/wp\/v2\/users\/1"}],"replies":[{"embeddable":true,"href":"https:\/\/isabellealepins.com\/en\/wp-json\/wp\/v2\/comments?post=736"}],"version-history":[{"count":39,"href":"https:\/\/isabellealepins.com\/en\/wp-json\/wp\/v2\/pages\/736\/revisions"}],"predecessor-version":[{"id":2051,"href":"https:\/\/isabellealepins.com\/en\/wp-json\/wp\/v2\/pages\/736\/revisions\/2051"}],"wp:attachment":[{"href":"https:\/\/isabellealepins.com\/en\/wp-json\/wp\/v2\/media?parent=736"}],"curies":[{"name":"wp","href":"https:\/\/api.w.org\/{rel}","templated":true}]}}